{"id":225,"date":"2012-11-22T19:29:31","date_gmt":"2012-11-22T22:29:31","guid":{"rendered":"http:\/\/restaurantemiyo.com.br\/?page_id=225"},"modified":"2021-07-26T21:23:11","modified_gmt":"2021-07-27T00:23:11","slug":"horario","status":"publish","type":"page","link":"http:\/\/restaurantemiyo.com.br\/index.php\/horario\/","title":{"rendered":"Hor\u00e1rio"},"content":{"rendered":"<h1>Hor\u00e1rio de Funcionamento<\/h1>\n<h3>SEGUNDA A SEXTA-FEIRA<\/h3>\n<p>11h30 \u00e0s 14h30 (Buffet por quilo)<br \/>\n19h \u00e0s 23h (Rod\u00edzio ou \u00e0 La Carte)<\/p>\n<h3>S\u00c1BADO<\/h3>\n<p>11h30 \u00e0s 15h (Buffet por quilo)<br \/>\n19h \u00e0s 23h (Rod\u00edzio ou \u00e0 La Carte)<\/p>\n<h4>FECHAMOS AOS DOMINGOS E FERIADOS<\/h4>\n<p><img decoding=\"async\" loading=\"lazy\" class=\"alignleft size-full wp-image-250\" title=\"estacionamento\" src=\"http:\/\/restaurantemiyo.com.br\/wp-content\/uploads\/2012\/11\/estacionamento1.png\" alt=\"\" width=\"47\" height=\"53\" \/><\/p>\n<p>Estacionamento exclusivo para clientes &#8211; Gratuito.<\/p>\n<div><\/div>\n<div><\/div>\n<div><\/div>\n<p>*Por enquanto n\u00e3o estamos fazendo reservas.<\/p>\n","protected":false},"excerpt":{"rendered":"<p>Hor\u00e1rio de Funcionamento SEGUNDA A SEXTA-FEIRA 11h30 \u00e0s 14h30 (Buffet por quilo) 19h \u00e0s 23h (Rod\u00edzio ou \u00e0 La Carte) S\u00c1BADO 11h30 \u00e0s 15h (Buffet por quilo) 19h \u00e0s 23h (Rod\u00edzio ou \u00e0 La Carte) FECHAMOS AOS DOMINGOS E FERIADOS Estacionamento exclusivo para clientes &#8211; Gratuito. *Por enquanto n\u00e3o estamos fazendo reservas.<\/p>\n","protected":false},"author":1,"featured_media":0,"parent":0,"menu_order":0,"comment_status":"open","ping_status":"open","template":"","meta":[],"yoast_head":"<!-- This site is optimized with the Yoast SEO plugin v20.1 - https:\/\/yoast.com\/wordpress\/plugins\/seo\/ -->\n<title>Hor\u00e1rio | Restaurante Miyo<\/title>\n<meta name=\"description\" content=\"Encontre o melhor da comida japonesa aqui no Restaurante Miyo. A melhor culin\u00e1ria japonesa em Curitiba\" \/>\n<meta name=\"robots\" content=\"index, follow, max-snippet:-1, max-image-preview:large, max-video-preview:-1\" \/>\n<link rel=\"canonical\" href=\"http:\/\/restaurantemiyo.com.br\/index.php\/horario\/\" \/>\n<meta property=\"og:locale\" content=\"pt_BR\" \/>\n<meta property=\"og:type\" content=\"article\" \/>\n<meta property=\"og:title\" content=\"Hor\u00e1rio | Restaurante Miyo\" \/>\n<meta property=\"og:description\" content=\"Encontre o melhor da comida japonesa aqui no Restaurante Miyo. A melhor culin\u00e1ria japonesa em Curitiba\" \/>\n<meta property=\"og:url\" content=\"http:\/\/restaurantemiyo.com.br\/index.php\/horario\/\" \/>\n<meta property=\"og:site_name\" content=\"Restaurante Miyo\" \/>\n<meta property=\"article:modified_time\" content=\"2021-07-27T00:23:11+00:00\" \/>\n<meta property=\"og:image\" content=\"http:\/\/restaurantemiyo.com.br\/wp-content\/uploads\/2012\/11\/estacionamento1.png\" \/>\n<script type=\"application\/ld+json\" class=\"yoast-schema-graph\">{\"@context\":\"https:\/\/schema.org\",\"@graph\":[{\"@type\":\"WebPage\",\"@id\":\"http:\/\/restaurantemiyo.com.br\/index.php\/horario\/\",\"url\":\"http:\/\/restaurantemiyo.com.br\/index.php\/horario\/\",\"name\":\"Hor\u00e1rio | Restaurante Miyo\",\"isPartOf\":{\"@id\":\"https:\/\/restaurantemiyo.com.br\/#website\"},\"datePublished\":\"2012-11-22T22:29:31+00:00\",\"dateModified\":\"2021-07-27T00:23:11+00:00\",\"description\":\"Encontre o melhor da comida japonesa aqui no Restaurante Miyo. A melhor culin\u00e1ria japonesa em Curitiba\",\"breadcrumb\":{\"@id\":\"http:\/\/restaurantemiyo.com.br\/index.php\/horario\/#breadcrumb\"},\"inLanguage\":\"pt-BR\",\"potentialAction\":[{\"@type\":\"ReadAction\",\"target\":[\"http:\/\/restaurantemiyo.com.br\/index.php\/horario\/\"]}]},{\"@type\":\"BreadcrumbList\",\"@id\":\"http:\/\/restaurantemiyo.com.br\/index.php\/horario\/#breadcrumb\",\"itemListElement\":[{\"@type\":\"ListItem\",\"position\":1,\"name\":\"In\u00edcio\",\"item\":\"https:\/\/restaurantemiyo.com.br\/\"},{\"@type\":\"ListItem\",\"position\":2,\"name\":\"Hor\u00e1rio\"}]},{\"@type\":\"WebSite\",\"@id\":\"https:\/\/restaurantemiyo.com.br\/#website\",\"url\":\"https:\/\/restaurantemiyo.com.br\/\",\"name\":\"Restaurante Miyo\",\"description\":\"A melhor comida japonesa de Curitiba\",\"potentialAction\":[{\"@type\":\"SearchAction\",\"target\":{\"@type\":\"EntryPoint\",\"urlTemplate\":\"https:\/\/restaurantemiyo.com.br\/?s={search_term_string}\"},\"query-input\":\"required name=search_term_string\"}],\"inLanguage\":\"pt-BR\"}]}<\/script>\n<!-- \/ Yoast SEO plugin. -->","yoast_head_json":{"title":"Hor\u00e1rio | Restaurante Miyo","description":"Encontre o melhor da comida japonesa aqui no Restaurante Miyo. A melhor culin\u00e1ria japonesa em Curitiba","robots":{"index":"index","follow":"follow","max-snippet":"max-snippet:-1","max-image-preview":"max-image-preview:large","max-video-preview":"max-video-preview:-1"},"canonical":"http:\/\/restaurantemiyo.com.br\/index.php\/horario\/","og_locale":"pt_BR","og_type":"article","og_title":"Hor\u00e1rio | Restaurante Miyo","og_description":"Encontre o melhor da comida japonesa aqui no Restaurante Miyo. A melhor culin\u00e1ria japonesa em Curitiba","og_url":"http:\/\/restaurantemiyo.com.br\/index.php\/horario\/","og_site_name":"Restaurante Miyo","article_modified_time":"2021-07-27T00:23:11+00:00","og_image":[{"url":"http:\/\/restaurantemiyo.com.br\/wp-content\/uploads\/2012\/11\/estacionamento1.png"}],"schema":{"@context":"https:\/\/schema.org","@graph":[{"@type":"WebPage","@id":"http:\/\/restaurantemiyo.com.br\/index.php\/horario\/","url":"http:\/\/restaurantemiyo.com.br\/index.php\/horario\/","name":"Hor\u00e1rio | Restaurante Miyo","isPartOf":{"@id":"https:\/\/restaurantemiyo.com.br\/#website"},"datePublished":"2012-11-22T22:29:31+00:00","dateModified":"2021-07-27T00:23:11+00:00","description":"Encontre o melhor da comida japonesa aqui no Restaurante Miyo. A melhor culin\u00e1ria japonesa em Curitiba","breadcrumb":{"@id":"http:\/\/restaurantemiyo.com.br\/index.php\/horario\/#breadcrumb"},"inLanguage":"pt-BR","potentialAction":[{"@type":"ReadAction","target":["http:\/\/restaurantemiyo.com.br\/index.php\/horario\/"]}]},{"@type":"BreadcrumbList","@id":"http:\/\/restaurantemiyo.com.br\/index.php\/horario\/#breadcrumb","itemListElement":[{"@type":"ListItem","position":1,"name":"In\u00edcio","item":"https:\/\/restaurantemiyo.com.br\/"},{"@type":"ListItem","position":2,"name":"Hor\u00e1rio"}]},{"@type":"WebSite","@id":"https:\/\/restaurantemiyo.com.br\/#website","url":"https:\/\/restaurantemiyo.com.br\/","name":"Restaurante Miyo","description":"A melhor comida japonesa de Curitiba","potentialAction":[{"@type":"SearchAction","target":{"@type":"EntryPoint","urlTemplate":"https:\/\/restaurantemiyo.com.br\/?s={search_term_string}"},"query-input":"required name=search_term_string"}],"inLanguage":"pt-BR"}]}},"_links":{"self":[{"href":"http:\/\/restaurantemiyo.com.br\/index.php\/wp-json\/wp\/v2\/pages\/225"}],"collection":[{"href":"http:\/\/restaurantemiyo.com.br\/index.php\/wp-json\/wp\/v2\/pages"}],"about":[{"href":"http:\/\/restaurantemiyo.com.br\/index.php\/wp-json\/wp\/v2\/types\/page"}],"author":[{"embeddable":true,"href":"http:\/\/restaurantemiyo.com.br\/index.php\/wp-json\/wp\/v2\/users\/1"}],"replies":[{"embeddable":true,"href":"http:\/\/restaurantemiyo.com.br\/index.php\/wp-json\/wp\/v2\/comments?post=225"}],"version-history":[{"count":30,"href":"http:\/\/restaurantemiyo.com.br\/index.php\/wp-json\/wp\/v2\/pages\/225\/revisions"}],"predecessor-version":[{"id":1117,"href":"http:\/\/restaurantemiyo.com.br\/index.php\/wp-json\/wp\/v2\/pages\/225\/revisions\/1117"}],"wp:attachment":[{"href":"http:\/\/restaurantemiyo.com.br\/index.php\/wp-json\/wp\/v2\/media?parent=225"}],"curies":[{"name":"wp","href":"https:\/\/api.w.org\/{rel}","templated":true}]}}