{"id":315,"date":"2012-12-07T09:18:45","date_gmt":"2012-12-07T12:18:45","guid":{"rendered":"http:\/\/restaurantemiyo.com.br\/?page_id=315"},"modified":"2019-04-08T12:56:21","modified_gmt":"2019-04-08T15:56:21","slug":"delivery","status":"publish","type":"page","link":"http:\/\/restaurantemiyo.com.br\/index.php\/delivery\/","title":{"rendered":"Delivery"},"content":{"rendered":"<h1>Com pregui\u00e7a de sair de casa?<\/h1>\n<p>Utilize nosso <span style=\"color: #800000;\"><strong>sistema de Delivery<\/strong> <\/span>e receba o melhor da culin\u00e1ria japonesa em sua casa.<\/p>\n<p>Tamb\u00e9m estamos\u00a0atendendo pelo<strong> Ifood<\/strong>, acesse pelo aplicativo!<\/p>\n<p>Hor\u00e1rio de atendimento no Delivery &#8211; <span style=\"color: #800000;\"><strong>19:00 \u00e0s 22:30 hrs<\/strong><\/span><\/p>\n<h3>Ligue <a href=\"#\">41 3333.8338<\/a> \/ <a href=\"#\">3333-0640 <\/a>\/ <a href=\"#\">3024-5882 <\/a>e fa\u00e7a seu pedido.<\/h3>\n<p>*Entregamos para toda Curitiba.<\/p>\n<p><img decoding=\"async\" loading=\"lazy\" class=\"alignnone\" title=\"delivery\" src=\"http:\/\/restaurantemiyo.com.br\/wp-content\/uploads\/2012\/12\/delivery.jpg\" alt=\"\" width=\"901\" height=\"300\" \/><\/p>\n\n\n\n\n\n\n\n\n\n\n\n","protected":false},"excerpt":{"rendered":"<p>Com pregui\u00e7a de sair de casa? Utilize nosso sistema de Delivery e receba o melhor da culin\u00e1ria japonesa em sua casa. Tamb\u00e9m estamos\u00a0atendendo pelo Ifood, acesse pelo aplicativo! Hor\u00e1rio de atendimento no Delivery &#8211; 19:00 \u00e0s 22:30 hrs Ligue 41 3333.8338 \/ 3333-0640 \/ 3024-5882 e fa\u00e7a seu pedido. *Entregamos para toda Curitiba.<\/p>\n","protected":false},"author":1,"featured_media":0,"parent":0,"menu_order":0,"comment_status":"open","ping_status":"closed","template":"fullwidth.php","meta":[],"yoast_head":"<!-- This site is optimized with the Yoast SEO plugin v20.1 - https:\/\/yoast.com\/wordpress\/plugins\/seo\/ -->\n<title>Delivery | Restaurante Miyo<\/title>\n<meta name=\"description\" content=\"Que tal o melhor da culin\u00e1ria japonesa em sua casa??? Ligue 41 3333.8338 e fa\u00e7a seu pedido.\" \/>\n<meta name=\"robots\" content=\"index, follow, max-snippet:-1, max-image-preview:large, max-video-preview:-1\" \/>\n<link rel=\"canonical\" href=\"http:\/\/restaurantemiyo.com.br\/index.php\/delivery\/\" \/>\n<meta property=\"og:locale\" content=\"pt_BR\" \/>\n<meta property=\"og:type\" content=\"article\" \/>\n<meta property=\"og:title\" content=\"Delivery | Restaurante Miyo\" \/>\n<meta property=\"og:description\" content=\"Que tal o melhor da culin\u00e1ria japonesa em sua casa??? Ligue 41 3333.8338 e fa\u00e7a seu pedido.\" \/>\n<meta property=\"og:url\" content=\"http:\/\/restaurantemiyo.com.br\/index.php\/delivery\/\" \/>\n<meta property=\"og:site_name\" content=\"Restaurante Miyo\" \/>\n<meta property=\"article:modified_time\" content=\"2019-04-08T15:56:21+00:00\" \/>\n<meta property=\"og:image\" content=\"http:\/\/restaurantemiyo.com.br\/wp-content\/uploads\/2012\/12\/delivery.jpg\" \/>\n<script type=\"application\/ld+json\" class=\"yoast-schema-graph\">{\"@context\":\"https:\/\/schema.org\",\"@graph\":[{\"@type\":\"WebPage\",\"@id\":\"http:\/\/restaurantemiyo.com.br\/index.php\/delivery\/\",\"url\":\"http:\/\/restaurantemiyo.com.br\/index.php\/delivery\/\",\"name\":\"Delivery | Restaurante Miyo\",\"isPartOf\":{\"@id\":\"http:\/\/restaurantemiyo.com.br\/#website\"},\"datePublished\":\"2012-12-07T12:18:45+00:00\",\"dateModified\":\"2019-04-08T15:56:21+00:00\",\"description\":\"Que tal o melhor da culin\u00e1ria japonesa em sua casa??? Ligue 41 3333.8338 e fa\u00e7a seu pedido.\",\"breadcrumb\":{\"@id\":\"http:\/\/restaurantemiyo.com.br\/index.php\/delivery\/#breadcrumb\"},\"inLanguage\":\"pt-BR\",\"potentialAction\":[{\"@type\":\"ReadAction\",\"target\":[\"http:\/\/restaurantemiyo.com.br\/index.php\/delivery\/\"]}]},{\"@type\":\"BreadcrumbList\",\"@id\":\"http:\/\/restaurantemiyo.com.br\/index.php\/delivery\/#breadcrumb\",\"itemListElement\":[{\"@type\":\"ListItem\",\"position\":1,\"name\":\"In\u00edcio\",\"item\":\"http:\/\/restaurantemiyo.com.br\/\"},{\"@type\":\"ListItem\",\"position\":2,\"name\":\"Delivery\"}]},{\"@type\":\"WebSite\",\"@id\":\"http:\/\/restaurantemiyo.com.br\/#website\",\"url\":\"http:\/\/restaurantemiyo.com.br\/\",\"name\":\"Restaurante Miyo\",\"description\":\"A melhor comida japonesa de Curitiba\",\"potentialAction\":[{\"@type\":\"SearchAction\",\"target\":{\"@type\":\"EntryPoint\",\"urlTemplate\":\"http:\/\/restaurantemiyo.com.br\/?s={search_term_string}\"},\"query-input\":\"required name=search_term_string\"}],\"inLanguage\":\"pt-BR\"}]}<\/script>\n<!-- \/ Yoast SEO plugin. -->","yoast_head_json":{"title":"Delivery | Restaurante Miyo","description":"Que tal o melhor da culin\u00e1ria japonesa em sua casa??? Ligue 41 3333.8338 e fa\u00e7a seu pedido.","robots":{"index":"index","follow":"follow","max-snippet":"max-snippet:-1","max-image-preview":"max-image-preview:large","max-video-preview":"max-video-preview:-1"},"canonical":"http:\/\/restaurantemiyo.com.br\/index.php\/delivery\/","og_locale":"pt_BR","og_type":"article","og_title":"Delivery | Restaurante Miyo","og_description":"Que tal o melhor da culin\u00e1ria japonesa em sua casa??? Ligue 41 3333.8338 e fa\u00e7a seu pedido.","og_url":"http:\/\/restaurantemiyo.com.br\/index.php\/delivery\/","og_site_name":"Restaurante Miyo","article_modified_time":"2019-04-08T15:56:21+00:00","og_image":[{"url":"http:\/\/restaurantemiyo.com.br\/wp-content\/uploads\/2012\/12\/delivery.jpg"}],"schema":{"@context":"https:\/\/schema.org","@graph":[{"@type":"WebPage","@id":"http:\/\/restaurantemiyo.com.br\/index.php\/delivery\/","url":"http:\/\/restaurantemiyo.com.br\/index.php\/delivery\/","name":"Delivery | Restaurante Miyo","isPartOf":{"@id":"http:\/\/restaurantemiyo.com.br\/#website"},"datePublished":"2012-12-07T12:18:45+00:00","dateModified":"2019-04-08T15:56:21+00:00","description":"Que tal o melhor da culin\u00e1ria japonesa em sua casa??? Ligue 41 3333.8338 e fa\u00e7a seu pedido.","breadcrumb":{"@id":"http:\/\/restaurantemiyo.com.br\/index.php\/delivery\/#breadcrumb"},"inLanguage":"pt-BR","potentialAction":[{"@type":"ReadAction","target":["http:\/\/restaurantemiyo.com.br\/index.php\/delivery\/"]}]},{"@type":"BreadcrumbList","@id":"http:\/\/restaurantemiyo.com.br\/index.php\/delivery\/#breadcrumb","itemListElement":[{"@type":"ListItem","position":1,"name":"In\u00edcio","item":"http:\/\/restaurantemiyo.com.br\/"},{"@type":"ListItem","position":2,"name":"Delivery"}]},{"@type":"WebSite","@id":"http:\/\/restaurantemiyo.com.br\/#website","url":"http:\/\/restaurantemiyo.com.br\/","name":"Restaurante Miyo","description":"A melhor comida japonesa de Curitiba","potentialAction":[{"@type":"SearchAction","target":{"@type":"EntryPoint","urlTemplate":"http:\/\/restaurantemiyo.com.br\/?s={search_term_string}"},"query-input":"required name=search_term_string"}],"inLanguage":"pt-BR"}]}},"_links":{"self":[{"href":"http:\/\/restaurantemiyo.com.br\/index.php\/wp-json\/wp\/v2\/pages\/315"}],"collection":[{"href":"http:\/\/restaurantemiyo.com.br\/index.php\/wp-json\/wp\/v2\/pages"}],"about":[{"href":"http:\/\/restaurantemiyo.com.br\/index.php\/wp-json\/wp\/v2\/types\/page"}],"author":[{"embeddable":true,"href":"http:\/\/restaurantemiyo.com.br\/index.php\/wp-json\/wp\/v2\/users\/1"}],"replies":[{"embeddable":true,"href":"http:\/\/restaurantemiyo.com.br\/index.php\/wp-json\/wp\/v2\/comments?post=315"}],"version-history":[{"count":36,"href":"http:\/\/restaurantemiyo.com.br\/index.php\/wp-json\/wp\/v2\/pages\/315\/revisions"}],"predecessor-version":[{"id":1088,"href":"http:\/\/restaurantemiyo.com.br\/index.php\/wp-json\/wp\/v2\/pages\/315\/revisions\/1088"}],"wp:attachment":[{"href":"http:\/\/restaurantemiyo.com.br\/index.php\/wp-json\/wp\/v2\/media?parent=315"}],"curies":[{"name":"wp","href":"https:\/\/api.w.org\/{rel}","templated":true}]}}